{"id":5568,"date":"2022-03-09T10:12:47","date_gmt":"2022-03-09T03:12:47","guid":{"rendered":"https:\/\/shop.drinkizz.com\/product\/nuoi-duong-nang-luong-so-1\/"},"modified":"2022-06-22T09:10:45","modified_gmt":"2022-06-22T02:10:45","slug":"cham-soc-nang-luong-ca-nhan","status":"publish","type":"product","link":"https:\/\/shop.drinkizz.com\/vi\/san-pham\/cham-soc-nang-luong-ca-nhan\/","title":{"rendered":"Ch\u0103m s\u00f3c n\u0103ng l\u01b0\u1ee3ng c\u00e1 nh\u00e2n"},"content":{"rendered":"","protected":false},"excerpt":{"rendered":"<p><em><span style=\"font-weight: 400;\">Gi\u00e1 \u0111\u00e3 bao g\u1ed3m VAT, m\u1ed7i th\u00e1ng<\/span>: 1.299.000 vnd<\/em><br \/>\n<br \/>\n<strong>M\u1ed9t g\u00f3i Ch\u0103m s\u00f3c n\u0103ng l\u01b0\u1ee3ng c\u00e1 nh\u00e2n bao g\u1ed3m:\u00a0<\/strong><\/p>\n<p><b>G\u00f3i Ch\u00e0o m\u1eebng<\/b><\/p>\n<ul>\n<li style=\"font-weight: 400;\" aria-level=\"1\"><span style=\"font-weight: 400;\">1 Cu\u1ed1n Ebook v\u1ec1 N\u0103ng l\u01b0\u1ee3ng t\u1ef1 nhi\u00ean h\u1eefu c\u01a1<\/span><\/li>\n<li style=\"font-weight: 400;\" aria-level=\"1\"><span style=\"font-weight: 400;\">1 V\u00e9 s\u1ef1 ki\u1ec7n tr\u1ecb gi\u00e1 500.000 vn\u0111<\/span><\/li>\n<li style=\"font-weight: 400;\" aria-level=\"1\"><span style=\"font-weight: 400;\">1 M\u00e3 gi\u1ea3m gi\u00e1 20% cho s\u1ea3n ph\u1ea9m c\u1ee7a O.N.E station\u00a0<\/span><\/li>\n<\/ul>\n<p><b>H\u1eb1ng\u00a0th\u00e1ng<\/b><\/p>\n<ul>\n<li style=\"font-weight: 400;\" aria-level=\"1\"><span style=\"font-weight: 400;\">1 Th\u00f9ng 24 lon x 250ml N\u01b0\u1edbc O.N.E ( N\u0103ng l\u01b0\u1ee3ng T\u1ef1 Nhi\u00ean H\u1eefu C\u01a1 )<\/span><\/li>\n<li style=\"font-weight: 400;\" aria-level=\"1\"><span style=\"font-weight: 400;\">1 M\u00f3n qu\u00e0 h\u1eefu c\u01a1 ng\u1eabu nhi\u00ean (Rau c\u1ee7 qu\u1ea3 h\u1eefu c\u01a1 ho\u1eb7c Ch\u0103m s\u00f3c da h\u1eefu c\u01a1)<\/span><\/li>\n<li style=\"font-weight: 400;\" aria-level=\"1\"><span style=\"font-weight: 400;\">1 Video h\u01b0\u1edbng d\u1eabn pha ch\u1ebf v\u1edbi th\u1ee9c u\u1ed1ng O.N.E<\/span><\/li>\n<li style=\"font-weight: 400;\" aria-level=\"1\"><span style=\"font-weight: 400;\">1 Video h\u01b0\u1edbng d\u1eabn t\u1eadp luy\u1ec7n gi\u00fap t\u0103ng n\u0103ng l\u01b0\u1ee3ng ho\u1eb7c <\/span><span style=\"font-weight: 400;\">1 Video h\u01b0\u1edbng d\u1eabn ch\u0103m s\u00f3c s\u1eafc \u0111\u1eb9p b\u1eb1ng nguy\u00ean li\u1ec7u h\u1eefu c\u01a1\u00a0<\/span><\/li>\n<li style=\"font-weight: 400;\" aria-level=\"1\"><span style=\"font-weight: 400;\">1 L\u1ea7n mi\u1ec5n ph\u00ed v\u1eadn chuy\u1ec3n t\u1eadn n\u01a1i m\u1ed7i th\u00e1ng<\/span><\/li>\n<\/ul>\n","protected":false},"author":250,"featured_media":6344,"comment_status":"open","ping_status":"closed","template":"","meta":[],"product_cat":[126,147],"product_tag":[],"acf":[],"_links":{"self":[{"href":"https:\/\/shop.drinkizz.com\/vi\/wp-json\/wp\/v2\/product\/5568"}],"collection":[{"href":"https:\/\/shop.drinkizz.com\/vi\/wp-json\/wp\/v2\/product"}],"about":[{"href":"https:\/\/shop.drinkizz.com\/vi\/wp-json\/wp\/v2\/types\/product"}],"author":[{"embeddable":true,"href":"https:\/\/shop.drinkizz.com\/vi\/wp-json\/wp\/v2\/users\/250"}],"replies":[{"embeddable":true,"href":"https:\/\/shop.drinkizz.com\/vi\/wp-json\/wp\/v2\/comments?post=5568"}],"version-history":[{"count":0,"href":"https:\/\/shop.drinkizz.com\/vi\/wp-json\/wp\/v2\/product\/5568\/revisions"}],"wp:featuredmedia":[{"embeddable":true,"href":"https:\/\/shop.drinkizz.com\/vi\/wp-json\/wp\/v2\/media\/6344"}],"wp:attachment":[{"href":"https:\/\/shop.drinkizz.com\/vi\/wp-json\/wp\/v2\/media?parent=5568"}],"wp:term":[{"taxonomy":"product_cat","embeddable":true,"href":"https:\/\/shop.drinkizz.com\/vi\/wp-json\/wp\/v2\/product_cat?post=5568"},{"taxonomy":"product_tag","embeddable":true,"href":"https:\/\/shop.drinkizz.com\/vi\/wp-json\/wp\/v2\/product_tag?post=5568"}],"curies":[{"name":"wp","href":"https:\/\/api.w.org\/{rel}","templated":true}]}}