{"id":1990,"date":"2021-11-06T15:39:51","date_gmt":"2021-11-16T01:51:52","guid":{"rendered":"https:\/\/shop.drinkizz.com\/product\/qua-tang-tet\/"},"modified":"2022-03-02T16:45:52","modified_gmt":"2022-03-02T09:45:52","slug":"hop-qua-8-3-phu-nu-va-dam-me","status":"publish","type":"product","link":"https:\/\/shop.drinkizz.com\/vi\/san-pham\/hop-qua-8-3-phu-nu-va-dam-me\/","title":{"rendered":"H\u1ed9p qu\u00e0 8\/3: Ph\u1ee5 n\u1eef v\u00e0 \u0110am m\u00ea"},"content":{"rendered":"","protected":false},"excerpt":{"rendered":"","protected":false},"author":250,"featured_media":4138,"comment_status":"open","ping_status":"closed","template":"","meta":[],"product_cat":[47],"product_tag":[],"acf":[],"_links":{"self":[{"href":"https:\/\/shop.drinkizz.com\/vi\/wp-json\/wp\/v2\/product\/1990"}],"collection":[{"href":"https:\/\/shop.drinkizz.com\/vi\/wp-json\/wp\/v2\/product"}],"about":[{"href":"https:\/\/shop.drinkizz.com\/vi\/wp-json\/wp\/v2\/types\/product"}],"author":[{"embeddable":true,"href":"https:\/\/shop.drinkizz.com\/vi\/wp-json\/wp\/v2\/users\/250"}],"replies":[{"embeddable":true,"href":"https:\/\/shop.drinkizz.com\/vi\/wp-json\/wp\/v2\/comments?post=1990"}],"version-history":[{"count":0,"href":"https:\/\/shop.drinkizz.com\/vi\/wp-json\/wp\/v2\/product\/1990\/revisions"}],"wp:featuredmedia":[{"embeddable":true,"href":"https:\/\/shop.drinkizz.com\/vi\/wp-json\/wp\/v2\/media\/4138"}],"wp:attachment":[{"href":"https:\/\/shop.drinkizz.com\/vi\/wp-json\/wp\/v2\/media?parent=1990"}],"wp:term":[{"taxonomy":"product_cat","embeddable":true,"href":"https:\/\/shop.drinkizz.com\/vi\/wp-json\/wp\/v2\/product_cat?post=1990"},{"taxonomy":"product_tag","embeddable":true,"href":"https:\/\/shop.drinkizz.com\/vi\/wp-json\/wp\/v2\/product_tag?post=1990"}],"curies":[{"name":"wp","href":"https:\/\/api.w.org\/{rel}","templated":true}]}}